{"id":84,"date":"2022-01-30T15:56:02","date_gmt":"2022-01-30T15:56:02","guid":{"rendered":"https:\/\/eyholzer.net\/dealer\/?page_id=84"},"modified":"2022-02-06T10:24:54","modified_gmt":"2022-02-06T10:24:54","slug":"meine-schottland-reise","status":"publish","type":"page","link":"https:\/\/eyholzer.net\/?page_id=84","title":{"rendered":"Meine Schottland-Reise"},"content":{"rendered":"\n<p>Schroffe Berge, kristallklare Seen und die zotteligen Hochlandrinder \u2013 das alles sind Dinge, die man auf den ersten Blick mit Schottland in Verbindung bringt. Gro\u00dfartige Dinge.<\/p>\n\n\n\n<p>England &amp; Scotland, Rundreise, 10.08.2014 \u2013 22.08.2014<\/p>\n\n\n\n<ol class=\"wp-block-list\" type=\"1\"><li>Tag London<\/li><\/ol>\n\n\n\n<p>Als ich am Morgen ankam schien die Sonne, die dann hin und wieder mit Regen verdeckt wurde.<\/p>\n\n\n\n<p>Am Anfang musste ich mitten in die Stadt um mir meinen Tagesfahrschein einzul\u00f6sen, danach wieder zur\u00fcck zum Hotel \u201e<a href=\"https:\/\/all.accor.com\/hotel\/8712\/index.de.shtml?dateIn=&amp;nights=&amp;compositions=1&amp;stayplus=false#origin=ibis\">Hotel ibis Styles London Excel<\/a>\u201c&nbsp; und wieder in die Stadt zu den Sehensw\u00fcrdigkeiten: Big Ben, The Tower of London und The Tower Bridge. Irgendwo etwas essen, noch ein bisschen in der Stadt umsehen und zur\u00fcck zum Hotel, wo es ein Somersby ab Fass und einen verkohlten Burger gab.<\/p>\n\n\n\n<figure class=\"wp-block-image size-full\"><img loading=\"lazy\" decoding=\"async\" width=\"1024\" height=\"768\" src=\"https:\/\/eyholzer.net\/wp-content\/uploads\/2022\/02\/Hotel-ibis-Styles-London-Excel-3-Sterne.jpg\" alt=\"\" class=\"wp-image-221\" srcset=\"https:\/\/eyholzer.net\/wp-content\/uploads\/2022\/02\/Hotel-ibis-Styles-London-Excel-3-Sterne.jpg 1024w, https:\/\/eyholzer.net\/wp-content\/uploads\/2022\/02\/Hotel-ibis-Styles-London-Excel-3-Sterne-300x225.jpg 300w, https:\/\/eyholzer.net\/wp-content\/uploads\/2022\/02\/Hotel-ibis-Styles-London-Excel-3-Sterne-768x576.jpg 768w\" sizes=\"auto, (max-width: 706px) 89vw, (max-width: 767px) 82vw, 740px\" \/><figcaption>https:\/\/www.accorhotels.com\/8712<\/figcaption><\/figure>\n\n\n\n<ol class=\"wp-block-list\" type=\"1\" start=\"2\"><li>Tag London &amp; Schottland<\/li><\/ol>\n\n\n\n<p>Das erste Fr\u00fchst\u00fcck in England, ich nahm nur Toastbrot. Dann mit dem Taxi zum Flughafen, das ganze komplizierte Einchecken und ab nach Aberdeen.<\/p>\n\n\n\n<p>In Aberdeen zuerst zum Autoverleih mein Auto abholen, musste auf der falschen Seite einsteigen und fahren, war schon eine kleine Herausforderung. Ich wollte hier noch ein paar Sachen anschauen bevor ich direkt weiter fahre nach \u201eDufftown\u201c, was mir aber bei dem schweren Regenfall nicht wirklich besonders einfach fiel, da ich die Strassenschilder fast nicht lesen konnte und mich erst einmal orientieren musste wie die Strassen beschildert sind.<\/p>\n\n\n\n<p>Ich kam dann schliesslich in \u201eDufftown\u201c an und fand mein B&amp;B \u201eFernbank House\u201c fast auf Anhieb, nach einem kleinen Umweg in das n\u00e4chste Dorf. Danach sah ich mich ein bisschen in der kleinen Ortschaft um und wollte etwas essen gehen. Aber die Restaurants hatten alle noch geschlossen. Also ging ich ins Co-operative und kaufte mir etwas zu Essen und Trinken. Das war dann genug Regen und Aufregung f\u00fcr einen Tag.<\/p>\n\n\n\n<div class=\"wp-block-image\"><figure class=\"aligncenter size-full\"><img loading=\"lazy\" decoding=\"async\" width=\"500\" height=\"353\" src=\"https:\/\/eyholzer.net\/wp-content\/uploads\/2022\/02\/Fernbank-House.jpg\" alt=\"\" class=\"wp-image-219\" srcset=\"https:\/\/eyholzer.net\/wp-content\/uploads\/2022\/02\/Fernbank-House.jpg 500w, https:\/\/eyholzer.net\/wp-content\/uploads\/2022\/02\/Fernbank-House-300x212.jpg 300w\" sizes=\"auto, (max-width: 500px) 100vw, 500px\" \/><\/figure><\/div>\n\n\n\n<ol class=\"wp-block-list\" type=\"1\" start=\"3\"><li>Tag Schottland<\/li><\/ol>\n\n\n\n<p>Nach dem Fr\u00fchst\u00fcck, wieder nur Toast und Kaffee mit viel Milch, machte ich mich auf den Weg die paar Sehensw\u00fcrdigkeiten der Ortschaft anzusehen, kaufte mir wieder etwas zu Essen und ging danach zur \u201e<a href=\"http:\/\/www.glenfiddich.com\/distillery\/\">Glenfiddich Distillery<\/a>\u201c wo ich die Pioneers Tour absolvierte. Alles im Regen nat\u00fcrlich!<\/p>\n\n\n\n<div class=\"wp-block-image\"><figure class=\"aligncenter size-full\"><img loading=\"lazy\" decoding=\"async\" width=\"372\" height=\"108\" src=\"https:\/\/eyholzer.net\/wp-content\/uploads\/2022\/02\/glenfiddich_logo.png\" alt=\"\" class=\"wp-image-224\" srcset=\"https:\/\/eyholzer.net\/wp-content\/uploads\/2022\/02\/glenfiddich_logo.png 372w, https:\/\/eyholzer.net\/wp-content\/uploads\/2022\/02\/glenfiddich_logo-300x87.png 300w\" sizes=\"auto, (max-width: 372px) 100vw, 372px\" \/><\/figure><\/div>\n\n\n\n<p>Die \u201ePioneers Tour\u201c ist eine kleine gef\u00fchrte Rundreise durch die Distillery, wo man sich pers\u00f6nlich eine kleine Flasche Single Malt aus einem der drei edlen F\u00e4sser abf\u00fcllen kann.<\/p>\n\n\n\n<p>Auf dieser Tour bekommt man ziemlich viele Informationen \u00fcber die Herstellung des Whiskys und des Gr\u00fcnders. Ziemlich interessante Tour.<\/p>\n\n\n\n<p>Am Ende der Tour gibt es noch eine Verkostung von sechs verschiedenen alten Whiskys. Der \u00c4lteste ist 21 Jahre alt und sehr fein. Das war die \u201ePioneers Tour\u201c.<\/p>\n\n\n\n<p>Danach wieder im B&amp;B, die Hausdame war so nett und machte mir eine Pizza.<\/p>\n\n\n\n<ol class=\"wp-block-list\" type=\"1\" start=\"4\"><li>Tag Schottland<\/li><\/ol>\n\n\n\n<p>Und wieder nur Toast und Kaffee mit viel Milch.<\/p>\n\n\n\n<p>Danach fuhr ich nach Elgin wo ich \u201eElgin Cathedral und Spynie Palace\u201c aufsuchte, was ich bei strahlendem grauem Himmel auch auf Anhieb fand. Weiterfahrt nach Forres, wo der Stein von \u201eSueno\u201c steht. Der ist gr\u00f6sser als ich laut Internet Fotos vermutet habe. Weiter Richtung Invernees vorbei an Culloden wobei ich das Denkmal auf dem Schlachtfeld von \u201eCulloden\u201c in Ehrfurcht betrachten werde.<\/p>\n\n\n\n<figure class=\"wp-block-gallery has-nested-images columns-default is-cropped wp-block-gallery-1 is-layout-flex wp-block-gallery-is-layout-flex\">\n<figure class=\"wp-block-image size-large\"><img loading=\"lazy\" decoding=\"async\" width=\"1000\" height=\"563\" data-id=\"218\" src=\"https:\/\/eyholzer.net\/wp-content\/uploads\/2022\/02\/Elgin-Cathedral.jpg\" alt=\"\" class=\"wp-image-218\" srcset=\"https:\/\/eyholzer.net\/wp-content\/uploads\/2022\/02\/Elgin-Cathedral.jpg 1000w, https:\/\/eyholzer.net\/wp-content\/uploads\/2022\/02\/Elgin-Cathedral-300x169.jpg 300w, https:\/\/eyholzer.net\/wp-content\/uploads\/2022\/02\/Elgin-Cathedral-768x432.jpg 768w\" sizes=\"auto, (max-width: 706px) 89vw, (max-width: 767px) 82vw, 740px\" \/><figcaption>Elgin-Cathedral<\/figcaption><\/figure>\n\n\n\n<figure class=\"wp-block-image size-large\"><img loading=\"lazy\" decoding=\"async\" width=\"700\" height=\"462\" data-id=\"226\" src=\"https:\/\/eyholzer.net\/wp-content\/uploads\/2022\/02\/Spynie_780058879.jpg\" alt=\"\" class=\"wp-image-226\" srcset=\"https:\/\/eyholzer.net\/wp-content\/uploads\/2022\/02\/Spynie_780058879.jpg 700w, https:\/\/eyholzer.net\/wp-content\/uploads\/2022\/02\/Spynie_780058879-300x198.jpg 300w\" sizes=\"auto, (max-width: 700px) 100vw, 700px\" \/><figcaption>Spynie Palace<\/figcaption><\/figure>\n\n\n\n<figure class=\"wp-block-image size-large\"><img loading=\"lazy\" decoding=\"async\" width=\"800\" height=\"1000\" data-id=\"227\" src=\"https:\/\/eyholzer.net\/wp-content\/uploads\/2022\/02\/Elgin-Cathedral-Front.jpg\" alt=\"\" class=\"wp-image-227\" srcset=\"https:\/\/eyholzer.net\/wp-content\/uploads\/2022\/02\/Elgin-Cathedral-Front.jpg 800w, https:\/\/eyholzer.net\/wp-content\/uploads\/2022\/02\/Elgin-Cathedral-Front-240x300.jpg 240w, https:\/\/eyholzer.net\/wp-content\/uploads\/2022\/02\/Elgin-Cathedral-Front-768x960.jpg 768w\" sizes=\"auto, (max-width: 706px) 89vw, (max-width: 767px) 82vw, 740px\" \/><figcaption>Elgin-Cathedral-Front<\/figcaption><\/figure>\n\n\n\n<figure class=\"wp-block-image size-large\"><img loading=\"lazy\" decoding=\"async\" width=\"1057\" height=\"700\" data-id=\"228\" src=\"https:\/\/eyholzer.net\/wp-content\/uploads\/2022\/02\/mb240609001a.jpg\" alt=\"\" class=\"wp-image-228\" srcset=\"https:\/\/eyholzer.net\/wp-content\/uploads\/2022\/02\/mb240609001a.jpg 1057w, https:\/\/eyholzer.net\/wp-content\/uploads\/2022\/02\/mb240609001a-300x199.jpg 300w, https:\/\/eyholzer.net\/wp-content\/uploads\/2022\/02\/mb240609001a-1024x678.jpg 1024w, https:\/\/eyholzer.net\/wp-content\/uploads\/2022\/02\/mb240609001a-768x509.jpg 768w\" sizes=\"auto, (max-width: 706px) 89vw, (max-width: 767px) 82vw, 740px\" \/><figcaption>Spynie Palace<\/figcaption><\/figure>\n<\/figure>\n\n\n\n<p>Hier noch etwas essen, dann auf nach Invernees zu meinem B&amp;B \u201e<a href=\"http:\/\/www.gatehouseinverness.co.uk\/\">The Gatehouse<\/a>\u201c. Kam zu fr\u00fch an, um einzuchecken, also ging ich mit dem Bus in die Stadt, wo eine grosse Einkaufsstrasse ist. Was ich da sah begreife ich immer noch nicht. Da standen vier \u201eRBS\u201c Royal Bank of Scotland Filialen direkt nebeneinander und an der n\u00e4chsten Ecke waren noch zwei Filialen.<\/p>\n\n\n\n<figure class=\"wp-block-image size-full\"><img loading=\"lazy\" decoding=\"async\" width=\"800\" height=\"545\" src=\"https:\/\/eyholzer.net\/wp-content\/uploads\/2022\/02\/The-Gatehouse.jpeg\" alt=\"\" class=\"wp-image-213\" srcset=\"https:\/\/eyholzer.net\/wp-content\/uploads\/2022\/02\/The-Gatehouse.jpeg 800w, https:\/\/eyholzer.net\/wp-content\/uploads\/2022\/02\/The-Gatehouse-300x204.jpeg 300w, https:\/\/eyholzer.net\/wp-content\/uploads\/2022\/02\/The-Gatehouse-768x523.jpeg 768w\" sizes=\"auto, (max-width: 706px) 89vw, (max-width: 767px) 82vw, 740px\" \/><\/figure>\n\n\n\n<p>Hier regnete es weniger, aber die Sonne war auch nicht viel da. Nachdem ich mir hier bei einer namhaften H\u00e4hnchen-Bratkette etwas zu essen besorgen konnte und langsam m\u00fcde wurde, ging ich zur\u00fcck ins B&amp;B.<\/p>\n\n\n\n<ol class=\"wp-block-list\" type=\"1\" start=\"5\"><li>Tag Schottland<\/li><\/ol>\n\n\n\n<p>Und wieder gab es Toastbrot und Kaffee mit Milch.<\/p>\n\n\n\n<p>Fahrt nach \u201eFortrose\u201c an den \u201eChanonry Point\u201c. Dort kann man auch bei Bew\u00f6lkung Delphine in der Bucht beobachten. Habe tats\u00e4chlich ein paar gesehen, zwar nur aus der Ferne, aber das ist schon mehr als vorher.<\/p>\n\n\n\n<p>Direkte Weiterfahrt nach Ullapool \u201e<a href=\"https:\/\/caledonian-hotel-ullapool.hotel-mix.de\/\">Caledonian Hotel<\/a>\u201c, ein kleines Hafendorf, wo es wieder Sonne und Regen gab. Im Hotel eingecheckt ging ich auf Entdeckungsreise. Im Laden fand ich Starbucks kalter Kaffee, kaufte mir gleich den ganzen Vorrat. Heute gab es zum ersten Mal \u201eFish &amp; Chips\u201c&nbsp;was eigentlich lecker war. Im Hafen lag ein norwegischer Dreimaster vor Anker, den man besuchen konnte, was ich auch tat.<\/p>\n\n\n\n<figure class=\"wp-block-image size-large\"><img loading=\"lazy\" decoding=\"async\" width=\"1024\" height=\"680\" src=\"https:\/\/eyholzer.net\/wp-content\/uploads\/2022\/02\/Caledonian-Hotel-1024x680.jpg\" alt=\"\" class=\"wp-image-215\" srcset=\"https:\/\/eyholzer.net\/wp-content\/uploads\/2022\/02\/Caledonian-Hotel-1024x680.jpg 1024w, https:\/\/eyholzer.net\/wp-content\/uploads\/2022\/02\/Caledonian-Hotel-300x199.jpg 300w, https:\/\/eyholzer.net\/wp-content\/uploads\/2022\/02\/Caledonian-Hotel-768x510.jpg 768w, https:\/\/eyholzer.net\/wp-content\/uploads\/2022\/02\/Caledonian-Hotel.jpg 1274w\" sizes=\"auto, (max-width: 706px) 89vw, (max-width: 767px) 82vw, 740px\" \/><\/figure>\n\n\n\n<ol class=\"wp-block-list\" type=\"1\" start=\"6\"><li>Tag Schottland<\/li><\/ol>\n\n\n\n<p>Heute nur Toastbrot, da ich selber Kaffee habe.<\/p>\n\n\n\n<p>Eigentlich wollte ich heute baden gehen, aber das Wetter ist dagegen. Ich fahre aber trotzdem nach \u201eAchmelvich\u201c wo es einen wunderbaren Sandstrand hat.<\/p>\n\n\n\n<p>Und wieder essen und trinken, danach zu Bette gehen.<\/p>\n\n\n\n<ol class=\"wp-block-list\" type=\"1\" start=\"7\"><li>Tag Schottland<\/li><\/ol>\n\n\n\n<p>An meinem Fr\u00fchst\u00fcck hat sich nichts ge\u00e4ndert.<\/p>\n\n\n\n<p>Bei strahlendem Regen auf nach Fort William, wobei ich am \u201eLoch Ness\u201c vorbeikomme. Das ist ein riesig grosser See. Doch bei dem Informationszentrum zum \u201eNESSI\u201c war schon so viel los als ich da ankam, dass ich keinen Parkplatz mehr fand. Also konnte ich kein Foto von \u201eNESSI\u201c machen und fuhr weiter nach \u201eDornie\u201c, wo die bekannte Burg \u201eEilean Donan Castle\u201c steht. Da es auch hier immer noch regnete, machte ich auch hier nur Regenfotos von der Burg.<\/p>\n\n\n\n<figure class=\"wp-block-image size-full\"><img loading=\"lazy\" decoding=\"async\" width=\"1024\" height=\"768\" src=\"https:\/\/eyholzer.net\/wp-content\/uploads\/2022\/02\/Eilean-Donan-Castle.jpg\" alt=\"\" class=\"wp-image-230\" srcset=\"https:\/\/eyholzer.net\/wp-content\/uploads\/2022\/02\/Eilean-Donan-Castle.jpg 1024w, https:\/\/eyholzer.net\/wp-content\/uploads\/2022\/02\/Eilean-Donan-Castle-300x225.jpg 300w, https:\/\/eyholzer.net\/wp-content\/uploads\/2022\/02\/Eilean-Donan-Castle-768x576.jpg 768w\" sizes=\"auto, (max-width: 706px) 89vw, (max-width: 767px) 82vw, 740px\" \/><\/figure>\n\n\n\n<p>Ankunft in Fort William am Sonntag. Ich ging zuerst in ein grosses Einkaufszentrum und kaufte mir dort etwas zu Essen und Trinken, danach suchte ich mein B&amp;B \u201e<a href=\"http:\/\/www.buccleuchfortwilliam.co.uk\/\">Buccleuch Guesthouse<\/a>\u201c. Am Abend ging ich noch einmal in die Stadt, um etwas zu essen, fand ein nettes Restaurant, reservierte auch gleich f\u00fcr den n\u00e4chsten Tag.<\/p>\n\n\n\n<div class=\"wp-block-image\"><figure class=\"aligncenter size-full is-resized\"><img loading=\"lazy\" decoding=\"async\" src=\"https:\/\/eyholzer.net\/wp-content\/uploads\/2022\/02\/Buccleuch-Guesthouse.jpg\" alt=\"\" class=\"wp-image-214\" width=\"635\" height=\"512\"\/><\/figure><\/div>\n\n\n\n<ol class=\"wp-block-list\" type=\"1\" start=\"8\"><li>Tag Schottland<\/li><\/ol>\n\n\n\n<p>Immer noch das gleiche Fr\u00fchst\u00fcck.<\/p>\n\n\n\n<p>Heute fahre ich mit dem \u201eHarry Potter Zug\u201c \u201elink\u201c was ich eigentlich spannender erwartet habe. Ok, bei der R\u00fcckfahrt hatten wir keinen Strom, also war es immer stockdunkel als wir durch einen Tunnel fuhren.<\/p>\n\n\n\n<p>Am Abend wieder in \u201e<a href=\"http:\/\/www.thetavernrestaurant.co.uk\/\">The Tavern<\/a>\u201c essen und trinken.<\/p>\n\n\n\n<ol class=\"wp-block-list\" type=\"1\" start=\"9\"><li>Tag Schottland<\/li><\/ol>\n\n\n\n<p>Nach dem immer noch gleichen langweiligen Fr\u00fchst\u00fcck machte ich mich auf den Weg nach Edinburgh.<\/p>\n\n\n\n<p>Wobei ich durch das Tal der Tr\u00e4nen fahre \u201eGlen Coe\u201c. Das wollte eigentlich fotografieren, aber auch hier war ich so schnell unterwegs, dass ich immer, wenn ich einen Platz zum Fotografieren fand, schon daran vorbei war. Also weiter nach Dalmally, wo eine weitere alte Ruine steht, \u201eKilchurn Castel\u201c. Nach 50 Meilen verfahren, konnte ich diese per Zufall im Augenwinkel ersp\u00e4hen und abbremsen, damit ich sie besser zu sehen bekam. Anhalten konnte ich wieder nicht.<\/p>\n\n\n\n<p>Erste Aktion in Edinburgh, Aufsuchen eines Burgerbraters mit dem grossen M. Nach einer zweist\u00fcndigen Irrfahrt in Edinburgh fand ich dann auch mein B&amp;B \u201e<a href=\"http:\/\/www.seabreezebb.co.uk\/\">Seabreeze Bed &amp; Breakfast<\/a>\u201c.<\/p>\n\n\n\n<figure class=\"wp-block-image size-large\"><img loading=\"lazy\" decoding=\"async\" width=\"1024\" height=\"576\" src=\"https:\/\/eyholzer.net\/wp-content\/uploads\/2022\/02\/Seabreeze-1024x576.jpg\" alt=\"\" class=\"wp-image-223\" srcset=\"https:\/\/eyholzer.net\/wp-content\/uploads\/2022\/02\/Seabreeze-1024x576.jpg 1024w, https:\/\/eyholzer.net\/wp-content\/uploads\/2022\/02\/Seabreeze-300x169.jpg 300w, https:\/\/eyholzer.net\/wp-content\/uploads\/2022\/02\/Seabreeze-768x432.jpg 768w, https:\/\/eyholzer.net\/wp-content\/uploads\/2022\/02\/Seabreeze-1536x864.jpg 1536w, https:\/\/eyholzer.net\/wp-content\/uploads\/2022\/02\/Seabreeze.jpg 1600w\" sizes=\"auto, (max-width: 706px) 89vw, (max-width: 767px) 82vw, 740px\" \/><\/figure>\n\n\n\n<p>Wieder in die Stadt, um etwas zu essen und trinken.<\/p>\n\n\n\n<ol class=\"wp-block-list\" type=\"1\" start=\"10\"><li>Tag Schottland<\/li><\/ol>\n\n\n\n<p>Zum Fr\u00fchst\u00fcck schreibe ich nichts.<\/p>\n\n\n\n<p>Eigentlich wollte ich heute Morgen zur Kilt Manufaktur \u201eGeoffrey Kilts\u201c, aber bei meiner gestrigen Irrfahrt durch die Stadt ist mir das verleidet. Geniesse stattdessen die warme Sonne und den Ausblick aufs Meer. Um zwei Uhr hatte ich einen Termin vereinbart mit \u201eDRAGOHEART TATTOO\u201c um mir ein Tattoo mit dem Reisedatum zu stechen, aber auch dieses wurde verschlampt, weil der, der meinen Termin buchte, aufh\u00f6rte dort zu arbeiten.<\/p>\n\n\n\n<p>Also fuhr ich weiter zum \u201e<a href=\"http:\/\/www.dalhousiecastle.co.uk\/index.php\/home\/\">Dalhousie Castle Hotel<\/a>\u201c.<\/p>\n\n\n\n<p>Das Schloss mit eigenem Hausgespenst und Dungeon Speisesaal.<\/p>\n\n\n\n<figure class=\"wp-block-image size-large\"><img loading=\"lazy\" decoding=\"async\" width=\"1024\" height=\"682\" src=\"https:\/\/eyholzer.net\/wp-content\/uploads\/2022\/02\/Dalhousie-Castle-1024x682.jpg\" alt=\"\" class=\"wp-image-216\" srcset=\"https:\/\/eyholzer.net\/wp-content\/uploads\/2022\/02\/Dalhousie-Castle-1024x682.jpg 1024w, https:\/\/eyholzer.net\/wp-content\/uploads\/2022\/02\/Dalhousie-Castle-300x200.jpg 300w, https:\/\/eyholzer.net\/wp-content\/uploads\/2022\/02\/Dalhousie-Castle-768x512.jpg 768w, https:\/\/eyholzer.net\/wp-content\/uploads\/2022\/02\/Dalhousie-Castle-1536x1024.jpg 1536w, https:\/\/eyholzer.net\/wp-content\/uploads\/2022\/02\/Dalhousie-Castle.jpg 2000w\" sizes=\"auto, (max-width: 706px) 89vw, (max-width: 767px) 82vw, 740px\" \/><\/figure>\n\n\n\n<ol class=\"wp-block-list\" type=\"1\" start=\"11\"><li>Tag Schottland &amp; London<\/li><\/ol>\n\n\n\n<p>Auch hier gab es nur Toastbrot f\u00fcr mich.<\/p>\n\n\n\n<p>Nun machte ich mich auf den Weg zur\u00fcck nach Aberdeen. Unterwegs wollte ich in Dundee halt machen, wo das Museumsschiff \u201eRRS Discovery\u201c steht. Doch wie es der Zufall will, war gerade an der Stelle, wo ich abbiegen musste, eine grosse Baustelle und der ganze Kreisel war nicht befahrbar, so auch die Ausfahrt zum Museum. Ich sollte irgendwo in der Stadt parken und zum Schiff zur\u00fccklaufen. Und das immer noch im Regen. Also fuhr ich weiter nach Stonehaven wo ich dann etwas zu essen und trinken zu mir nahm.<\/p>\n\n\n\n<figure class=\"wp-block-image size-large\"><img loading=\"lazy\" decoding=\"async\" width=\"1024\" height=\"576\" src=\"https:\/\/eyholzer.net\/wp-content\/uploads\/2022\/02\/Discovery-03-1024x576.jpg\" alt=\"\" class=\"wp-image-217\" srcset=\"https:\/\/eyholzer.net\/wp-content\/uploads\/2022\/02\/Discovery-03-1024x576.jpg 1024w, https:\/\/eyholzer.net\/wp-content\/uploads\/2022\/02\/Discovery-03-300x169.jpg 300w, https:\/\/eyholzer.net\/wp-content\/uploads\/2022\/02\/Discovery-03-768x432.jpg 768w, https:\/\/eyholzer.net\/wp-content\/uploads\/2022\/02\/Discovery-03-1536x864.jpg 1536w, https:\/\/eyholzer.net\/wp-content\/uploads\/2022\/02\/Discovery-03.jpg 1920w\" sizes=\"auto, (max-width: 706px) 89vw, (max-width: 767px) 82vw, 740px\" \/><\/figure>\n\n\n\n<p>In Aberdeen angekommen, das Auto zur\u00fcckgeben und f\u00fcr den Flug einchecken. Doch oh weh, die freundliche Dame von der Information sagte mir, dieser Flug ist \u201egecancelt\u201c. Ok, ich werde umgebucht, fliege jetzt halt nach \u201eLondon Heathrow\u201c, was auf der anderen Seite Londons liegt als mein Hotel \u201e<a href=\"http:\/\/www.exhi-royaldocks.co.uk\/\">Holiday Inn Express London &#8211; Royal Docks<\/a>\u201c. Also fast eine Stunde mit der London Underground \u201eTube\u201c zum Hotel, einchecken und etwas essen gehen.<\/p>\n\n\n\n<figure class=\"wp-block-image size-full\"><img loading=\"lazy\" decoding=\"async\" width=\"940\" height=\"470\" src=\"https:\/\/eyholzer.net\/wp-content\/uploads\/2022\/02\/holiday-inn-express-london-3496130921-2x1-1.jpg\" alt=\"\" class=\"wp-image-220\" srcset=\"https:\/\/eyholzer.net\/wp-content\/uploads\/2022\/02\/holiday-inn-express-london-3496130921-2x1-1.jpg 940w, https:\/\/eyholzer.net\/wp-content\/uploads\/2022\/02\/holiday-inn-express-london-3496130921-2x1-1-300x150.jpg 300w, https:\/\/eyholzer.net\/wp-content\/uploads\/2022\/02\/holiday-inn-express-london-3496130921-2x1-1-768x384.jpg 768w\" sizes=\"auto, (max-width: 706px) 89vw, (max-width: 767px) 82vw, 740px\" \/><\/figure>\n\n\n\n<ol class=\"wp-block-list\" type=\"1\" start=\"12\"><li>Tag London<\/li><\/ol>\n\n\n\n<p>Aufstehen um sechs, fr\u00fchst\u00fccken, Koffer an der Rezeption abgeben, mit der Tube mitten in die Stadt, denn heute geht es noch nach \u201eStonehenge\u201c. Zwei Stunden Hin- und R\u00fcckfahrt. Noch in den Stau und gestresst auf die Uhr schauen, denn der Flug nach Hause geht um 18:30 Uhr.<\/p>\n\n\n\n<figure class=\"wp-block-image size-large\"><img loading=\"lazy\" decoding=\"async\" width=\"1024\" height=\"525\" src=\"https:\/\/eyholzer.net\/wp-content\/uploads\/2022\/02\/Stonehenge-1024x525.jpeg\" alt=\"\" class=\"wp-image-231\" srcset=\"https:\/\/eyholzer.net\/wp-content\/uploads\/2022\/02\/Stonehenge-1024x525.jpeg 1024w, https:\/\/eyholzer.net\/wp-content\/uploads\/2022\/02\/Stonehenge-300x154.jpeg 300w, https:\/\/eyholzer.net\/wp-content\/uploads\/2022\/02\/Stonehenge-768x394.jpeg 768w, https:\/\/eyholzer.net\/wp-content\/uploads\/2022\/02\/Stonehenge-1536x787.jpeg 1536w, https:\/\/eyholzer.net\/wp-content\/uploads\/2022\/02\/Stonehenge.jpeg 1600w\" sizes=\"auto, (max-width: 706px) 89vw, (max-width: 767px) 82vw, 740px\" \/><\/figure>\n\n\n\n<div style=\"height:100px\" aria-hidden=\"true\" class=\"wp-block-spacer\"><\/div>\n\n\n\n<p>Mein Fazit: Das Land ist gr\u00f6sser als die Schweiz, es hat dementsprechend mehr Leute. Es sieht aus wie hier im Jura. Die Temperatur ist ungef\u00e4hr die gleiche wie hier, aber durch den Wind f\u00fchlt es sich k\u00fchler an. \u00dcber das Essen gibt es nicht viel zu sagen da sie ja nur Snacks essen. Und Pommes Chips gelten als Hauptzutat. Reis und Nudeln sind nicht auf einer Speisekarte.<\/p>\n","protected":false},"excerpt":{"rendered":"<p>Schroffe Berge, kristallklare Seen und die zotteligen Hochlandrinder \u2013 das alles sind Dinge, die man auf den ersten Blick mit Schottland in Verbindung bringt. Gro\u00dfartige Dinge. England &amp; Scotland, Rundreise, 10.08.2014 \u2013 22.08.2014 Tag London Als ich am Morgen ankam schien die Sonne, die dann hin und wieder mit Regen verdeckt wurde. Am Anfang musste &hellip; <\/p>\n<p class=\"link-more\"><a href=\"https:\/\/eyholzer.net\/?page_id=84\" class=\"more-link\"><span class=\"screen-reader-text\">\u201eMeine Schottland-Reise\u201c<\/span> weiterlesen<\/a><\/p>\n","protected":false},"author":1,"featured_media":30,"parent":0,"menu_order":0,"comment_status":"closed","ping_status":"closed","template":"","meta":{"footnotes":""},"class_list":["post-84","page","type-page","status-publish","has-post-thumbnail","hentry"],"_links":{"self":[{"href":"https:\/\/eyholzer.net\/index.php?rest_route=\/wp\/v2\/pages\/84","targetHints":{"allow":["GET"]}}],"collection":[{"href":"https:\/\/eyholzer.net\/index.php?rest_route=\/wp\/v2\/pages"}],"about":[{"href":"https:\/\/eyholzer.net\/index.php?rest_route=\/wp\/v2\/types\/page"}],"author":[{"embeddable":true,"href":"https:\/\/eyholzer.net\/index.php?rest_route=\/wp\/v2\/users\/1"}],"replies":[{"embeddable":true,"href":"https:\/\/eyholzer.net\/index.php?rest_route=%2Fwp%2Fv2%2Fcomments&post=84"}],"version-history":[{"count":9,"href":"https:\/\/eyholzer.net\/index.php?rest_route=\/wp\/v2\/pages\/84\/revisions"}],"predecessor-version":[{"id":233,"href":"https:\/\/eyholzer.net\/index.php?rest_route=\/wp\/v2\/pages\/84\/revisions\/233"}],"wp:featuredmedia":[{"embeddable":true,"href":"https:\/\/eyholzer.net\/index.php?rest_route=\/wp\/v2\/media\/30"}],"wp:attachment":[{"href":"https:\/\/eyholzer.net\/index.php?rest_route=%2Fwp%2Fv2%2Fmedia&parent=84"}],"curies":[{"name":"wp","href":"https:\/\/api.w.org\/{rel}","templated":true}]}}