{"id":69,"date":"2022-01-30T15:33:51","date_gmt":"2022-01-30T15:33:51","guid":{"rendered":"https:\/\/eyholzer.net\/dealer\/?page_id=69"},"modified":"2022-02-04T19:15:36","modified_gmt":"2022-02-04T19:15:36","slug":"ueber-mich","status":"publish","type":"page","link":"https:\/\/eyholzer.net\/?page_id=69","title":{"rendered":"\u00dcber mich"},"content":{"rendered":"\n<p>Ich erblickte am 29. Oktober 1969 abends um 22:00 Uhr im Berner Frauenspital das Licht der Welt. Mit 42cm und 2970g nach nur 8 Monaten.<\/p>\n\n\n\n<p>Die Kindheit in Studen mit meiner \u00e4lteren Schwester und unserer alleinerziehenden Mutter, verlief so einigermassen normal. Keine grossen Unf\u00e4lle klar ein paar Schrammen hier und da, St\u00fcrze vom Fahrrad, ein Gipsbein vom Herumturnen, eine Kletterpartie auf das Dach und dann wurde mir noch der Blinddarm entfernt.<\/p>\n\n\n\n<p>Dann zogen wir nach Br\u00fcgg um, wo ich noch 8 Jahre die Primarschule besuchte. In Br\u00fcgg bekam ich noch eine j\u00fcngere Schwester.<\/p>\n\n\n\n<p>Ich war nicht das netteste Kind, zum Leidwesen meiner Mutter, ich habe ihr zu ein paar grauen Haaren verholfen.<\/p>\n\n\n\n<p>Ich erlernte die Computersprache Basic auf einem Comodore16, danach kam ein Amiga 2000, womit ich meine Mutter jede Nacht mit dem Gepiepe nervte.<\/p>\n\n\n\n<p>Mit ein paar Kollegen machte ich die \u00abSchul-Disco\u00bb<\/p>\n\n\n\n<p>Das Funken habe ich auch noch entdeckt. Zuerst mit einer \u201eHandgurke\u201c, einem Drei-Kanal Hand-Funkger\u00e4t, sp\u00e4ter mit einer Heimstation und auch noch im Auto. Am Anfang war mein Rufzeichen \u201eRoud Train 65\u201c, was ich dann wechselte in \u201eNachtfalter 65\u201c. Es war sehr interessant was f\u00fcr Leute man da an den verschiedenen \u201eFunker Treffen\u201c kennenlernen konnte.<\/p>\n\n\n\n<p>In der Zwischenzeit habe ich das \u201eschwache\u201c Geschlecht entdeckt, den Alkohol und das Rauchen. Es gab wohl kein Wochenende, das ich zuhause verbracht habe. Irgend in einem Dorf war sicher ein Fest und wenn nicht, waren wir alle in unserer Stammkneipe dem \u201eNelson\u201c.<\/p>\n\n\n\n<p>Billard wurde auch noch gespielt.<\/p>\n\n\n\n<p>Tiere gab es auch: V\u00f6gel, Katzen, Fische, Hasen, Meerschweinchen und M\u00e4use.<\/p>\n\n\n\n<p>Denn auch in den besten Familien kommt es dazu, dass es nicht alle \u00fcberleben. Ich habe schon fr\u00fch mit dem Tod Bekanntschaft gemacht. Noch in der Schulzeit starben zwei gute Kollegen von mir, und mein Stiefvater kam bei einem Autounfall ums Leben.<\/p>\n\n\n\n<p>Ich war in ein paar verschiedenen Sportvereinen, aber richtig wollte ich mich nicht damit anfreunden. Da war Judo, Radrennsport, manchmal ging ich sogar auf den \u201eVita Parcours\u201c.<\/p>\n\n\n\n<p>Was ich immer noch gerne mache ist Schwimmen, war aber nie in einem Verein.<\/p>\n\n\n\n<p>Im Ganzen gesehen hatte ich eine mehr oder weniger normal erf\u00fcllte, schwierige Pubert\u00e4t.<\/p>\n\n\n\n<p>Hobbys habe ich nicht wirklich, ausser Fernsehen und Computer, entweder zum Spielen im Internet, \u201eSocial Media\u201c oder an der Homepage rumzubasteln, Kollegen besuchen und ab und zu etwas \u00abGrillen &amp; Chillen\u00bb.<\/p>\n\n\n\n<p>Weiss nicht ob es als Hobby gilt, aber ich betreibe seit mehreren Jahren <a>Ahnenforschung.<\/a><\/p>\n\n\n\n<p>Ich stehe auf Science-Fiction, Ahnenforschung und alte Kulturen.<\/p>\n\n\n\n<p>Wenn es den Leuten nicht nur um Profit gehen w\u00fcrde, w\u00e4re unsere Wissenschaft wahrscheinlich schon viel weiter.<\/p>\n\n\n\n<p>Was die Faszinationen der alten Kulturen sind, da habe ich eine eigene Theorie, einige glauben daran, dass wir fr\u00fcher Kontakt mit Ausserirdischen hatten, Sie hielten sie f\u00fcr \u00abG\u00f6tter\u00bb. Auch in der Bibel wird davon geschrieben, es kommt immer darauf an wie man das interpretiert. Bei den alten V\u00f6lker \u00abMayas, Inkas, Indianer und auch den \u00c4gyptern\u00bb hat man Sachen gefunden, die man f\u00fcr ausserirdisch h\u00e4lt. Ich denke es ist von einer fr\u00fcheren menschlichen Zivilisation, die uns technisch weit voraus war und den Weg zu den Sternen schon gefunden hatte. Und unsere sch\u00f6ne Erde verlassen mussten weil sich eine grosse Naturkatastrophe ereignet hatte. Und die Erde ihren Zyklus wieder von vorne begann<\/p>\n","protected":false},"excerpt":{"rendered":"<p>Ich erblickte am 29. Oktober 1969 abends um 22:00 Uhr im Berner Frauenspital das Licht der Welt. Mit 42cm und 2970g nach nur 8 Monaten. Die Kindheit in Studen mit meiner \u00e4lteren Schwester und unserer alleinerziehenden Mutter, verlief so einigermassen normal. Keine grossen Unf\u00e4lle klar ein paar Schrammen hier und da, St\u00fcrze vom Fahrrad, ein &hellip; <\/p>\n<p class=\"link-more\"><a href=\"https:\/\/eyholzer.net\/?page_id=69\" class=\"more-link\"><span class=\"screen-reader-text\">\u201e\u00dcber mich\u201c<\/span> weiterlesen<\/a><\/p>\n","protected":false},"author":1,"featured_media":0,"parent":0,"menu_order":0,"comment_status":"closed","ping_status":"closed","template":"","meta":{"footnotes":""},"class_list":["post-69","page","type-page","status-publish","hentry"],"_links":{"self":[{"href":"https:\/\/eyholzer.net\/index.php?rest_route=\/wp\/v2\/pages\/69","targetHints":{"allow":["GET"]}}],"collection":[{"href":"https:\/\/eyholzer.net\/index.php?rest_route=\/wp\/v2\/pages"}],"about":[{"href":"https:\/\/eyholzer.net\/index.php?rest_route=\/wp\/v2\/types\/page"}],"author":[{"embeddable":true,"href":"https:\/\/eyholzer.net\/index.php?rest_route=\/wp\/v2\/users\/1"}],"replies":[{"embeddable":true,"href":"https:\/\/eyholzer.net\/index.php?rest_route=%2Fwp%2Fv2%2Fcomments&post=69"}],"version-history":[{"count":3,"href":"https:\/\/eyholzer.net\/index.php?rest_route=\/wp\/v2\/pages\/69\/revisions"}],"predecessor-version":[{"id":171,"href":"https:\/\/eyholzer.net\/index.php?rest_route=\/wp\/v2\/pages\/69\/revisions\/171"}],"wp:attachment":[{"href":"https:\/\/eyholzer.net\/index.php?rest_route=%2Fwp%2Fv2%2Fmedia&parent=69"}],"curies":[{"name":"wp","href":"https:\/\/api.w.org\/{rel}","templated":true}]}}