{"id":42,"date":"2022-01-30T14:36:58","date_gmt":"2022-01-30T14:36:58","guid":{"rendered":"https:\/\/eyholzer.net\/dealer\/?page_id=42"},"modified":"2022-02-06T16:31:12","modified_gmt":"2022-02-06T16:31:12","slug":"home","status":"publish","type":"page","link":"https:\/\/eyholzer.net\/","title":{"rendered":"Home"},"content":{"rendered":"\n<h2 class=\"wp-block-heading\" id=\"willkommen-auf-meiner-webseite\"><strong>Willkommen auf meiner Webseite.<\/strong><\/h2>\n\n\n\n<p>Auf dieser Webseite erf\u00e4hrst Du einiges \u00fcber mein Berufsleben, etwas \u00fcber mein Privatleben und einiges zu T\u00e4tigkeiten im Zusammenhang mit meinen Freizeitaktivit\u00e4ten.<\/p>\n\n\n\n<p>Wenn Dich das interessiert, dann bist Du hier richtig und ich w\u00fcnsche Dir viel Spass beim St\u00f6bern. St\u00f6sst Du auf Dinge, die Dich \u00e4rgern, freuen, interessieren oder \u00fcber die Du Dich sonst mit mir unterhalten m\u00f6chtest, dann nimm doch bitte mit mir Kontakt auf!<\/p>\n\n\n\n<p><\/p>\n","protected":false},"excerpt":{"rendered":"<p>Willkommen auf meiner Webseite. Auf dieser Webseite erf\u00e4hrst Du einiges \u00fcber mein Berufsleben, etwas \u00fcber mein Privatleben und einiges zu T\u00e4tigkeiten im Zusammenhang mit meinen Freizeitaktivit\u00e4ten. Wenn Dich das interessiert, dann bist Du hier richtig und ich w\u00fcnsche Dir viel Spass beim St\u00f6bern. St\u00f6sst Du auf Dinge, die Dich \u00e4rgern, freuen, interessieren oder \u00fcber die &hellip; <\/p>\n<p class=\"link-more\"><a href=\"https:\/\/eyholzer.net\/\" class=\"more-link\"><span class=\"screen-reader-text\">\u201eHome\u201c<\/span> weiterlesen<\/a><\/p>\n","protected":false},"author":1,"featured_media":0,"parent":0,"menu_order":0,"comment_status":"closed","ping_status":"closed","template":"","meta":{"footnotes":""},"class_list":["post-42","page","type-page","status-publish","hentry"],"_links":{"self":[{"href":"https:\/\/eyholzer.net\/index.php?rest_route=\/wp\/v2\/pages\/42","targetHints":{"allow":["GET"]}}],"collection":[{"href":"https:\/\/eyholzer.net\/index.php?rest_route=\/wp\/v2\/pages"}],"about":[{"href":"https:\/\/eyholzer.net\/index.php?rest_route=\/wp\/v2\/types\/page"}],"author":[{"embeddable":true,"href":"https:\/\/eyholzer.net\/index.php?rest_route=\/wp\/v2\/users\/1"}],"replies":[{"embeddable":true,"href":"https:\/\/eyholzer.net\/index.php?rest_route=%2Fwp%2Fv2%2Fcomments&post=42"}],"version-history":[{"count":20,"href":"https:\/\/eyholzer.net\/index.php?rest_route=\/wp\/v2\/pages\/42\/revisions"}],"predecessor-version":[{"id":246,"href":"https:\/\/eyholzer.net\/index.php?rest_route=\/wp\/v2\/pages\/42\/revisions\/246"}],"wp:attachment":[{"href":"https:\/\/eyholzer.net\/index.php?rest_route=%2Fwp%2Fv2%2Fmedia&parent=42"}],"curies":[{"name":"wp","href":"https:\/\/api.w.org\/{rel}","templated":true}]}}