{"id":276,"date":"2024-04-29T16:23:09","date_gmt":"2024-04-29T16:23:09","guid":{"rendered":"https:\/\/eyholzer.net\/?page_id=276"},"modified":"2025-11-21T19:06:45","modified_gmt":"2025-11-21T19:06:45","slug":"familienwappen","status":"publish","type":"page","link":"https:\/\/eyholzer.net\/?page_id=276","title":{"rendered":"Familienwappen"},"content":{"rendered":"\n<div class=\"wp-block-columns is-layout-flex wp-container-core-columns-is-layout-9d6595d7 wp-block-columns-is-layout-flex\">\n<div class=\"wp-block-column is-layout-flow wp-block-column-is-layout-flow\">\n<figure class=\"wp-block-image size-large is-style-default\"><img loading=\"lazy\" decoding=\"async\" width=\"768\" height=\"1024\" src=\"https:\/\/eyholzer.net\/wp-content\/uploads\/2024\/04\/eiholz-768x1024.jpg\" alt=\"\" class=\"wp-image-274\" srcset=\"https:\/\/eyholzer.net\/wp-content\/uploads\/2024\/04\/eiholz-768x1024.jpg 768w, https:\/\/eyholzer.net\/wp-content\/uploads\/2024\/04\/eiholz-225x300.jpg 225w, https:\/\/eyholzer.net\/wp-content\/uploads\/2024\/04\/eiholz-1152x1536.jpg 1152w, https:\/\/eyholzer.net\/wp-content\/uploads\/2024\/04\/eiholz-1536x2048.jpg 1536w, https:\/\/eyholzer.net\/wp-content\/uploads\/2024\/04\/eiholz-scaled.jpg 1920w\" sizes=\"auto, (max-width: 706px) 89vw, (max-width: 767px) 82vw, 740px\" \/><\/figure>\n<\/div>\n\n\n\n<div class=\"wp-block-column is-layout-flow wp-block-column-is-layout-flow\">\n<figure class=\"wp-block-image size-large\"><img loading=\"lazy\" decoding=\"async\" width=\"838\" height=\"1024\" src=\"https:\/\/eyholzer.net\/wp-content\/uploads\/2024\/04\/Eyholzer-838x1024.png\" alt=\"\" class=\"wp-image-271\" srcset=\"https:\/\/eyholzer.net\/wp-content\/uploads\/2024\/04\/Eyholzer-838x1024.png 838w, https:\/\/eyholzer.net\/wp-content\/uploads\/2024\/04\/Eyholzer-246x300.png 246w, https:\/\/eyholzer.net\/wp-content\/uploads\/2024\/04\/Eyholzer-768x938.png 768w, https:\/\/eyholzer.net\/wp-content\/uploads\/2024\/04\/Eyholzer-1257x1536.png 1257w, https:\/\/eyholzer.net\/wp-content\/uploads\/2024\/04\/Eyholzer-1676x2048.png 1676w, https:\/\/eyholzer.net\/wp-content\/uploads\/2024\/04\/Eyholzer.png 1714w\" sizes=\"auto, (max-width: 706px) 89vw, (max-width: 767px) 82vw, 740px\" \/><\/figure>\n<\/div>\n\n\n\n<div class=\"wp-block-column is-layout-flow wp-block-column-is-layout-flow\">\n<p><strong>Wappenbeschreibung<\/strong><\/p>\n\n\n\n<p>In Gold auf gr\u00fcnem Dreiberg gr\u00fcner Eichbaum mit nat\u00fcrlichem Stamm, beseitet von zwei f\u00fcnfstrahligen, roten Sternen.<\/p>\n<\/div>\n<\/div>\n\n\n\n<div class=\"wp-block-columns is-layout-flex wp-container-core-columns-is-layout-9d6595d7 wp-block-columns-is-layout-flex\">\n<div class=\"wp-block-column is-layout-flow wp-block-column-is-layout-flow\">\n<figure class=\"wp-block-image size-full is-style-default\"><img loading=\"lazy\" decoding=\"async\" width=\"403\" height=\"543\" src=\"https:\/\/eyholzer.net\/wp-content\/uploads\/2024\/04\/Wappen.png\" alt=\"\" class=\"wp-image-281\" srcset=\"https:\/\/eyholzer.net\/wp-content\/uploads\/2024\/04\/Wappen.png 403w, https:\/\/eyholzer.net\/wp-content\/uploads\/2024\/04\/Wappen-223x300.png 223w\" sizes=\"auto, (max-width: 403px) 100vw, 403px\" \/><\/figure>\n<\/div>\n\n\n\n<div class=\"wp-block-column is-layout-flow wp-block-column-is-layout-flow\">\n<figure class=\"wp-block-image size-large\"><img loading=\"lazy\" decoding=\"async\" width=\"838\" height=\"1024\" src=\"https:\/\/eyholzer.net\/wp-content\/uploads\/2024\/04\/Exholzer-1343-838x1024.png\" alt=\"\" class=\"wp-image-269\" srcset=\"https:\/\/eyholzer.net\/wp-content\/uploads\/2024\/04\/Exholzer-1343-838x1024.png 838w, https:\/\/eyholzer.net\/wp-content\/uploads\/2024\/04\/Exholzer-1343-246x300.png 246w, https:\/\/eyholzer.net\/wp-content\/uploads\/2024\/04\/Exholzer-1343-768x938.png 768w, https:\/\/eyholzer.net\/wp-content\/uploads\/2024\/04\/Exholzer-1343-1257x1536.png 1257w, https:\/\/eyholzer.net\/wp-content\/uploads\/2024\/04\/Exholzer-1343-1676x2048.png 1676w, https:\/\/eyholzer.net\/wp-content\/uploads\/2024\/04\/Exholzer-1343.png 1714w\" sizes=\"auto, (max-width: 706px) 89vw, (max-width: 767px) 82vw, 740px\" \/><\/figure>\n<\/div>\n\n\n\n<div class=\"wp-block-column is-layout-flow wp-block-column-is-layout-flow\">\n<p><strong>Wappenbeschreibung<\/strong><\/p>\n\n\n\n<p>In Silber erh\u00f6hter, schwarzer Querbalken \u00fcberdeckt von blauen Traube mit zwei gr\u00fcnen Bl\u00e4tter.<\/p>\n<\/div>\n<\/div>\n\n\n\n<div class=\"wp-block-columns is-layout-flex wp-container-core-columns-is-layout-9d6595d7 wp-block-columns-is-layout-flex\">\n<div class=\"wp-block-column is-layout-flow wp-block-column-is-layout-flow\">\n<figure class=\"wp-block-image size-large\"><img loading=\"lazy\" decoding=\"async\" width=\"768\" height=\"1024\" src=\"https:\/\/eyholzer.net\/wp-content\/uploads\/2024\/04\/eyholz-holz-768x1024.jpg\" alt=\"\" class=\"wp-image-275\" srcset=\"https:\/\/eyholzer.net\/wp-content\/uploads\/2024\/04\/eyholz-holz-768x1024.jpg 768w, https:\/\/eyholzer.net\/wp-content\/uploads\/2024\/04\/eyholz-holz-225x300.jpg 225w, https:\/\/eyholzer.net\/wp-content\/uploads\/2024\/04\/eyholz-holz-1152x1536.jpg 1152w, https:\/\/eyholzer.net\/wp-content\/uploads\/2024\/04\/eyholz-holz-1536x2048.jpg 1536w, https:\/\/eyholzer.net\/wp-content\/uploads\/2024\/04\/eyholz-holz-scaled.jpg 1920w\" sizes=\"auto, (max-width: 706px) 89vw, (max-width: 767px) 82vw, 740px\" \/><\/figure>\n<\/div>\n\n\n\n<div class=\"wp-block-column is-layout-flow wp-block-column-is-layout-flow\">\n<figure class=\"wp-block-image size-large\"><img loading=\"lazy\" decoding=\"async\" width=\"838\" height=\"1024\" src=\"https:\/\/eyholzer.net\/wp-content\/uploads\/2024\/04\/Eyholz-1928-838x1024.png\" alt=\"\" class=\"wp-image-270\" srcset=\"https:\/\/eyholzer.net\/wp-content\/uploads\/2024\/04\/Eyholz-1928-838x1024.png 838w, https:\/\/eyholzer.net\/wp-content\/uploads\/2024\/04\/Eyholz-1928-246x300.png 246w, https:\/\/eyholzer.net\/wp-content\/uploads\/2024\/04\/Eyholz-1928-768x938.png 768w, https:\/\/eyholzer.net\/wp-content\/uploads\/2024\/04\/Eyholz-1928-1257x1536.png 1257w, https:\/\/eyholzer.net\/wp-content\/uploads\/2024\/04\/Eyholz-1928-1676x2048.png 1676w, https:\/\/eyholzer.net\/wp-content\/uploads\/2024\/04\/Eyholz-1928.png 1714w\" sizes=\"auto, (max-width: 706px) 89vw, (max-width: 767px) 82vw, 740px\" \/><\/figure>\n<\/div>\n\n\n\n<div class=\"wp-block-column is-layout-flow wp-block-column-is-layout-flow\">\n<p><strong>Wappenbeschreibung<\/strong><\/p>\n\n\n\n<p><\/p>\n<\/div>\n<\/div>\n\n\n\n<div class=\"wp-block-columns is-layout-flex wp-container-core-columns-is-layout-9d6595d7 wp-block-columns-is-layout-flex\">\n<div class=\"wp-block-column is-layout-flow wp-block-column-is-layout-flow\">\n<figure class=\"wp-block-image size-large\"><img loading=\"lazy\" decoding=\"async\" width=\"768\" height=\"1024\" src=\"https:\/\/eyholzer.net\/wp-content\/uploads\/2024\/04\/v.eichholz-768x1024.jpg\" alt=\"\" class=\"wp-image-273\" srcset=\"https:\/\/eyholzer.net\/wp-content\/uploads\/2024\/04\/v.eichholz-768x1024.jpg 768w, https:\/\/eyholzer.net\/wp-content\/uploads\/2024\/04\/v.eichholz-225x300.jpg 225w, https:\/\/eyholzer.net\/wp-content\/uploads\/2024\/04\/v.eichholz-1152x1536.jpg 1152w, https:\/\/eyholzer.net\/wp-content\/uploads\/2024\/04\/v.eichholz-1536x2048.jpg 1536w, https:\/\/eyholzer.net\/wp-content\/uploads\/2024\/04\/v.eichholz-scaled.jpg 1920w\" sizes=\"auto, (max-width: 706px) 89vw, (max-width: 767px) 82vw, 740px\" \/><\/figure>\n<\/div>\n\n\n\n<div class=\"wp-block-column is-layout-flow wp-block-column-is-layout-flow\">\n<figure class=\"wp-block-image size-large\"><img loading=\"lazy\" decoding=\"async\" width=\"838\" height=\"1024\" src=\"https:\/\/eyholzer.net\/wp-content\/uploads\/2024\/04\/v.-Eichholz-1275-838x1024.png\" alt=\"\" class=\"wp-image-272\" srcset=\"https:\/\/eyholzer.net\/wp-content\/uploads\/2024\/04\/v.-Eichholz-1275-838x1024.png 838w, https:\/\/eyholzer.net\/wp-content\/uploads\/2024\/04\/v.-Eichholz-1275-246x300.png 246w, https:\/\/eyholzer.net\/wp-content\/uploads\/2024\/04\/v.-Eichholz-1275-768x938.png 768w, https:\/\/eyholzer.net\/wp-content\/uploads\/2024\/04\/v.-Eichholz-1275-1257x1536.png 1257w, https:\/\/eyholzer.net\/wp-content\/uploads\/2024\/04\/v.-Eichholz-1275-1676x2048.png 1676w, https:\/\/eyholzer.net\/wp-content\/uploads\/2024\/04\/v.-Eichholz-1275.png 1714w\" sizes=\"auto, (max-width: 706px) 89vw, (max-width: 767px) 82vw, 740px\" \/><\/figure>\n<\/div>\n\n\n\n<div class=\"wp-block-column is-layout-flow wp-block-column-is-layout-flow\">\n<p><strong>Wappenbeschreibung<\/strong><\/p>\n\n\n\n<p>In Gold den Eichbaum<\/p>\n<\/div>\n<\/div>\n","protected":false},"excerpt":{"rendered":"<p>Wappenbeschreibung In Gold auf gr\u00fcnem Dreiberg gr\u00fcner Eichbaum mit nat\u00fcrlichem Stamm, beseitet von zwei f\u00fcnfstrahligen, roten Sternen. Wappenbeschreibung In Silber erh\u00f6hter, schwarzer Querbalken \u00fcberdeckt von blauen Traube mit zwei gr\u00fcnen Bl\u00e4tter. Wappenbeschreibung Wappenbeschreibung In Gold den Eichbaum<\/p>\n","protected":false},"author":1,"featured_media":284,"parent":0,"menu_order":0,"comment_status":"closed","ping_status":"closed","template":"","meta":{"footnotes":""},"class_list":["post-276","page","type-page","status-publish","has-post-thumbnail","hentry"],"_links":{"self":[{"href":"https:\/\/eyholzer.net\/index.php?rest_route=\/wp\/v2\/pages\/276","targetHints":{"allow":["GET"]}}],"collection":[{"href":"https:\/\/eyholzer.net\/index.php?rest_route=\/wp\/v2\/pages"}],"about":[{"href":"https:\/\/eyholzer.net\/index.php?rest_route=\/wp\/v2\/types\/page"}],"author":[{"embeddable":true,"href":"https:\/\/eyholzer.net\/index.php?rest_route=\/wp\/v2\/users\/1"}],"replies":[{"embeddable":true,"href":"https:\/\/eyholzer.net\/index.php?rest_route=%2Fwp%2Fv2%2Fcomments&post=276"}],"version-history":[{"count":6,"href":"https:\/\/eyholzer.net\/index.php?rest_route=\/wp\/v2\/pages\/276\/revisions"}],"predecessor-version":[{"id":404,"href":"https:\/\/eyholzer.net\/index.php?rest_route=\/wp\/v2\/pages\/276\/revisions\/404"}],"wp:featuredmedia":[{"embeddable":true,"href":"https:\/\/eyholzer.net\/index.php?rest_route=\/wp\/v2\/media\/284"}],"wp:attachment":[{"href":"https:\/\/eyholzer.net\/index.php?rest_route=%2Fwp%2Fv2%2Fmedia&parent=276"}],"curies":[{"name":"wp","href":"https:\/\/api.w.org\/{rel}","templated":true}]}}