{"id":181,"date":"2022-02-04T19:35:30","date_gmt":"2022-02-04T19:35:30","guid":{"rendered":"https:\/\/eyholzer.net\/?page_id=181"},"modified":"2022-02-04T19:58:59","modified_gmt":"2022-02-04T19:58:59","slug":"deutschland-ostseeurlaub-auf-der-sonneninsel-usedom","status":"publish","type":"page","link":"https:\/\/eyholzer.net\/?page_id=181","title":{"rendered":"Deutschland &#8211; Ostseeurlaub auf der Sonneninsel Usedom"},"content":{"rendered":"\n<p>Sanft streicht der Wind durch die D\u00fcnen der Ostseeinsel Usedom, die M\u00f6wen kreischen und ziehen ihre Runden \u00fcber dem Meer. Die salzige Luft sorgt daf\u00fcr, dass Sie in Ihrem Urlaub am Meer endlich wieder richtig durchatmen k\u00f6nnen. Bei einem Strandurlaub auf Usedom gehen unber\u00fchrte Natur und idyllische Badeorte Hand in Hand. Egal, wo Sie stehen, bis zum Wasser haben Sie es auf der Ostseeinsel nicht weit. Malerisch gelegen in der Pommerschen Bucht, ist Usedom ein Reiseziel f\u00fcr die Seele.<\/p>\n\n\n\n<div style=\"height:100px\" aria-hidden=\"true\" class=\"wp-block-spacer\"><\/div>\n\n\n\n<figure class=\"wp-block-video\"><video height=\"720\" style=\"aspect-ratio: 1280 \/ 720;\" width=\"1280\" controls src=\"https:\/\/eyholzer.net\/wp-content\/uploads\/2022\/02\/Insel-Usedom-Strand-Baden.mp4\"><\/video><\/figure>\n","protected":false},"excerpt":{"rendered":"<p>Sanft streicht der Wind durch die D\u00fcnen der Ostseeinsel Usedom, die M\u00f6wen kreischen und ziehen ihre Runden \u00fcber dem Meer. Die salzige Luft sorgt daf\u00fcr, dass Sie in Ihrem Urlaub am Meer endlich wieder richtig durchatmen k\u00f6nnen. Bei einem Strandurlaub auf Usedom gehen unber\u00fchrte Natur und idyllische Badeorte Hand in Hand. Egal, wo Sie stehen, &hellip; <\/p>\n<p class=\"link-more\"><a href=\"https:\/\/eyholzer.net\/?page_id=181\" class=\"more-link\"><span class=\"screen-reader-text\">\u201eDeutschland &#8211; Ostseeurlaub auf der Sonneninsel Usedom\u201c<\/span> weiterlesen<\/a><\/p>\n","protected":false},"author":1,"featured_media":182,"parent":0,"menu_order":0,"comment_status":"closed","ping_status":"closed","template":"","meta":{"footnotes":""},"class_list":["post-181","page","type-page","status-publish","has-post-thumbnail","hentry"],"_links":{"self":[{"href":"https:\/\/eyholzer.net\/index.php?rest_route=\/wp\/v2\/pages\/181","targetHints":{"allow":["GET"]}}],"collection":[{"href":"https:\/\/eyholzer.net\/index.php?rest_route=\/wp\/v2\/pages"}],"about":[{"href":"https:\/\/eyholzer.net\/index.php?rest_route=\/wp\/v2\/types\/page"}],"author":[{"embeddable":true,"href":"https:\/\/eyholzer.net\/index.php?rest_route=\/wp\/v2\/users\/1"}],"replies":[{"embeddable":true,"href":"https:\/\/eyholzer.net\/index.php?rest_route=%2Fwp%2Fv2%2Fcomments&post=181"}],"version-history":[{"count":3,"href":"https:\/\/eyholzer.net\/index.php?rest_route=\/wp\/v2\/pages\/181\/revisions"}],"predecessor-version":[{"id":205,"href":"https:\/\/eyholzer.net\/index.php?rest_route=\/wp\/v2\/pages\/181\/revisions\/205"}],"wp:featuredmedia":[{"embeddable":true,"href":"https:\/\/eyholzer.net\/index.php?rest_route=\/wp\/v2\/media\/182"}],"wp:attachment":[{"href":"https:\/\/eyholzer.net\/index.php?rest_route=%2Fwp%2Fv2%2Fmedia&parent=181"}],"curies":[{"name":"wp","href":"https:\/\/api.w.org\/{rel}","templated":true}]}}