{"id":118,"date":"2022-01-30T19:17:39","date_gmt":"2022-01-30T19:17:39","guid":{"rendered":"https:\/\/eyholzer.net\/dealer\/?page_id=118"},"modified":"2022-01-31T20:21:52","modified_gmt":"2022-01-31T20:21:52","slug":"ihre-praehistorische-herkunft","status":"publish","type":"page","link":"https:\/\/eyholzer.net\/?page_id=118","title":{"rendered":"Meine pr\u00e4historische Herkunft"},"content":{"rendered":"\n<figure class=\"wp-block-image size-full is-style-rounded\"><img loading=\"lazy\" decoding=\"async\" width=\"893\" height=\"538\" src=\"https:\/\/eyholzer.net\/dealer\/wp-content\/uploads\/2022\/01\/historisch.png\" alt=\"\" class=\"wp-image-103\" srcset=\"https:\/\/eyholzer.net\/wp-content\/uploads\/2022\/01\/historisch.png 893w, https:\/\/eyholzer.net\/wp-content\/uploads\/2022\/01\/historisch-300x181.png 300w, https:\/\/eyholzer.net\/wp-content\/uploads\/2022\/01\/historisch-768x463.png 768w\" sizes=\"auto, (max-width: 706px) 89vw, (max-width: 767px) 82vw, 740px\" \/><\/figure>\n\n\n\n<figure class=\"wp-block-table\"><table><tbody><tr><td>46%<\/td><td><a>Ackerbauern<\/a><\/td><\/tr><tr><td>42%<\/td><td><a>J\u00e4ger und Sammler<\/a><\/td><\/tr><tr><td>12%<\/td><td><a>Indoeurop\u00e4er<\/a><\/td><\/tr><tr><td>0%<\/td><td><a>Nicht-Europ\u00e4er<\/a><\/td><\/tr><\/tbody><\/table><\/figure>\n\n\n\n<p>Der europ\u00e4ische Kontinent ist Zeuge von vielen Episoden menschlicher Migration geworden, von denen sich manche \u00fcber tausende von Jahren erstreckten. Die aktuellste Forschung \u00fcber diese alten Migrationen auf dem europ\u00e4ischen Kontinent nimmt an, dass es drei Hauptgruppen von Bev\u00f6lkerungen gab, welche sich noch bis heute auf Menschen mit europ\u00e4ischer Herkunft, auswirken: J\u00e4ger und Sammler, Fr\u00fche Ackerbauern und die Indoeurop\u00e4er.<\/p>\n","protected":false},"excerpt":{"rendered":"<p>46% Ackerbauern 42% J\u00e4ger und Sammler 12% Indoeurop\u00e4er 0% Nicht-Europ\u00e4er Der europ\u00e4ische Kontinent ist Zeuge von vielen Episoden menschlicher Migration geworden, von denen sich manche \u00fcber tausende von Jahren erstreckten. Die aktuellste Forschung \u00fcber diese alten Migrationen auf dem europ\u00e4ischen Kontinent nimmt an, dass es drei Hauptgruppen von Bev\u00f6lkerungen gab, welche sich noch bis heute &hellip; <\/p>\n<p class=\"link-more\"><a href=\"https:\/\/eyholzer.net\/?page_id=118\" class=\"more-link\"><span class=\"screen-reader-text\">\u201eMeine pr\u00e4historische Herkunft\u201c<\/span> weiterlesen<\/a><\/p>\n","protected":false},"author":1,"featured_media":0,"parent":0,"menu_order":0,"comment_status":"closed","ping_status":"closed","template":"","meta":{"footnotes":""},"class_list":["post-118","page","type-page","status-publish","hentry"],"_links":{"self":[{"href":"https:\/\/eyholzer.net\/index.php?rest_route=\/wp\/v2\/pages\/118","targetHints":{"allow":["GET"]}}],"collection":[{"href":"https:\/\/eyholzer.net\/index.php?rest_route=\/wp\/v2\/pages"}],"about":[{"href":"https:\/\/eyholzer.net\/index.php?rest_route=\/wp\/v2\/types\/page"}],"author":[{"embeddable":true,"href":"https:\/\/eyholzer.net\/index.php?rest_route=\/wp\/v2\/users\/1"}],"replies":[{"embeddable":true,"href":"https:\/\/eyholzer.net\/index.php?rest_route=%2Fwp%2Fv2%2Fcomments&post=118"}],"version-history":[{"count":2,"href":"https:\/\/eyholzer.net\/index.php?rest_route=\/wp\/v2\/pages\/118\/revisions"}],"predecessor-version":[{"id":167,"href":"https:\/\/eyholzer.net\/index.php?rest_route=\/wp\/v2\/pages\/118\/revisions\/167"}],"wp:attachment":[{"href":"https:\/\/eyholzer.net\/index.php?rest_route=%2Fwp%2Fv2%2Fmedia&parent=118"}],"curies":[{"name":"wp","href":"https:\/\/api.w.org\/{rel}","templated":true}]}}