{"id":112,"date":"2022-01-30T19:17:51","date_gmt":"2022-01-30T19:17:51","guid":{"rendered":"https:\/\/eyholzer.net\/dealer\/?page_id=112"},"modified":"2022-02-07T18:09:17","modified_gmt":"2022-02-07T18:09:17","slug":"ergebnisse-vaeterliche-linie","status":"publish","type":"page","link":"https:\/\/eyholzer.net\/?page_id=112","title":{"rendered":"Ergebnisse v\u00e4terliche Linie"},"content":{"rendered":"\n<figure class=\"wp-block-image size-full is-style-rounded\"><img loading=\"lazy\" decoding=\"async\" width=\"886\" height=\"538\" src=\"https:\/\/eyholzer.net\/dealer\/wp-content\/uploads\/2022\/01\/vater-1.png\" alt=\"\" class=\"wp-image-100\" srcset=\"https:\/\/eyholzer.net\/wp-content\/uploads\/2022\/01\/vater-1.png 886w, https:\/\/eyholzer.net\/wp-content\/uploads\/2022\/01\/vater-1-300x182.png 300w, https:\/\/eyholzer.net\/wp-content\/uploads\/2022\/01\/vater-1-768x466.png 768w\" sizes=\"auto, (max-width: 706px) 89vw, (max-width: 767px) 82vw, 740px\" \/><\/figure>\n\n\n\n<figure class=\"wp-block-table\"><table><tbody><tr><td>Haplogruppe<\/td><td>T-L454<\/td><\/tr><tr><td>Urvolk<\/td><td>Hellenen, Italiker, Kelten<\/td><\/tr><tr><td>Ursprungsregion<\/td><td>S\u00fcdeuropa<\/td><\/tr><tr><td>Genetische Werte<\/td><td>Y-DNA-Werte<\/td><\/tr><tr><td>Zertifikat<\/td><td>Y-Zertifikat<\/td><\/tr><\/tbody><\/table><\/figure>\n\n\n\n<p>Mit der Bestimmung Ihres Urvolks und Ihrer Ursprungsregion m\u00f6chten wir Ihnen helfen, Ihr DNA-Resultat zu interpretieren. Das <a href=\"https:\/\/www.igenea.com\/de\/urvoelker\">Urvolk<\/a> zeigt Ihre Volkszugeh\u00f6rigkeit in der Antike (900 v.Chr. bis 900 n.Chr). Die <strong>Ursprungsregion<\/strong> zeigt, in welchem Gebiet Ihr Profil typisch ist. Es ist m\u00f6glich, dass Ihr DNA-Profil nicht eindeutig einem Urvolk bzw. einer Region zugeordnet werden kann. In diesem Fall werden mehrere m\u00f6gliche Urv\u00f6lker oder mehrere Regionen aufgelistet. Das bedeutet, dass Sie einem dieser Urv\u00f6lker angeh\u00f6ren und einer Region entstammen.<\/p>\n\n\n\n<p><\/p>\n","protected":false},"excerpt":{"rendered":"<p>Haplogruppe T-L454 Urvolk Hellenen, Italiker, Kelten Ursprungsregion S\u00fcdeuropa Genetische Werte Y-DNA-Werte Zertifikat Y-Zertifikat Mit der Bestimmung Ihres Urvolks und Ihrer Ursprungsregion m\u00f6chten wir Ihnen helfen, Ihr DNA-Resultat zu interpretieren. Das Urvolk zeigt Ihre Volkszugeh\u00f6rigkeit in der Antike (900 v.Chr. bis 900 n.Chr). Die Ursprungsregion zeigt, in welchem Gebiet Ihr Profil typisch ist. Es ist m\u00f6glich, &hellip; <\/p>\n<p class=\"link-more\"><a href=\"https:\/\/eyholzer.net\/?page_id=112\" class=\"more-link\"><span class=\"screen-reader-text\">\u201eErgebnisse v\u00e4terliche Linie\u201c<\/span> weiterlesen<\/a><\/p>\n","protected":false},"author":1,"featured_media":0,"parent":0,"menu_order":0,"comment_status":"closed","ping_status":"closed","template":"","meta":{"footnotes":""},"class_list":["post-112","page","type-page","status-publish","hentry"],"_links":{"self":[{"href":"https:\/\/eyholzer.net\/index.php?rest_route=\/wp\/v2\/pages\/112","targetHints":{"allow":["GET"]}}],"collection":[{"href":"https:\/\/eyholzer.net\/index.php?rest_route=\/wp\/v2\/pages"}],"about":[{"href":"https:\/\/eyholzer.net\/index.php?rest_route=\/wp\/v2\/types\/page"}],"author":[{"embeddable":true,"href":"https:\/\/eyholzer.net\/index.php?rest_route=\/wp\/v2\/users\/1"}],"replies":[{"embeddable":true,"href":"https:\/\/eyholzer.net\/index.php?rest_route=%2Fwp%2Fv2%2Fcomments&post=112"}],"version-history":[{"count":3,"href":"https:\/\/eyholzer.net\/index.php?rest_route=\/wp\/v2\/pages\/112\/revisions"}],"predecessor-version":[{"id":260,"href":"https:\/\/eyholzer.net\/index.php?rest_route=\/wp\/v2\/pages\/112\/revisions\/260"}],"wp:attachment":[{"href":"https:\/\/eyholzer.net\/index.php?rest_route=%2Fwp%2Fv2%2Fmedia&parent=112"}],"curies":[{"name":"wp","href":"https:\/\/api.w.org\/{rel}","templated":true}]}}